{"id":74137,"date":"2018-08-06T14:14:57","date_gmt":"2018-08-06T12:14:57","guid":{"rendered":"https:\/\/www.kinodvor.org\/?page_id=74137"},"modified":"2022-04-01T16:07:46","modified_gmt":"2022-04-01T14:07:46","slug":"1st-kinotrip-international-film-festival","status":"publish","type":"page","link":"https:\/\/www.kinodvor.org\/en\/kinotrip\/kinotrip-international-film-festival\/1st-kinotrip-international-film-festival\/","title":{"rendered":"1st Kinotrip International Film Festival"},"content":{"rendered":"<p>Between <strong>24 and 27 March 2016<\/strong>, the first Kinotrip International Film Festival took place at Kinodvor. Following the slogan \u2018Let Film Take You Away!\u2019, a team of young film buffs created a comprehensive cinema experience for the young.<\/p>\n<p><img loading=\"lazy\" class=\"alignnone size-full wp-image-26515\" src=\"https:\/\/www.kinodvor.org\/wp-content\/uploads\/2017\/09\/160327_Kinotrip_023_Domen-Pal-e1507813892875.jpg\" alt=\"\" width=\"1000\" height=\"562\" \/><\/p>\n<p>From the selection of the festival\u2019s name and its programme to its organisation, it was all carried out (under the mentorship of the project leader \u017diva Juran\u010di\u010d) by the young involved in <strong>Kinotrip \u2013 <\/strong><strong>Kinodvor\u2019s project by the youth for the youth<\/strong>.<\/p>\n<p>The Kinotrip festival consisted of <strong>eight film destinations<\/strong>. In four days, more than <strong>1400 young viewers<\/strong> visited us at <strong>sixteen film screenings<\/strong>.<\/p>\n<p>We also hosted young film guests from abroad:\u00a0<strong>Francesca Agostini<\/strong>, the leading actress from the festival\u2019s opening film <strong>Short Skin<\/strong>,<strong>\u00a0Ilayda Akdo\u011fan\u00a0<\/strong>and\u00a0<strong>Tu\u011fba Sunguro\u011flu<\/strong>, stars of the multi-award-winning<strong> Mustang<\/strong>, and<strong>\u00a0Marlon Boess<\/strong>, an actor from <strong>Beautiful Girl<\/strong>.<\/p>\n<p><img loading=\"lazy\" class=\"alignnone size-full wp-image-26491\" src=\"https:\/\/www.kinodvor.org\/wp-content\/uploads\/2017\/09\/160324_Kinotrip_056_Domen-Pal-e1507814436800.jpg\" alt=\"\" width=\"1000\" height=\"562\" \/><\/p>\n<p>In addition to the film screenings, the festival also offered\u00a0<strong>14 accompanying events<\/strong>, organised in cooperation with numerous partner organisations and individuals.<\/p>\n<p><img loading=\"lazy\" class=\"alignnone size-full wp-image-26517\" src=\"https:\/\/www.kinodvor.org\/wp-content\/uploads\/2017\/09\/160327_Kinotrip_073-e1507813841896.jpg\" alt=\"\" width=\"1000\" height=\"562\" \/><\/p>\n<p><img loading=\"lazy\" class=\"alignnone size-full wp-image-26516\" src=\"https:\/\/www.kinodvor.org\/wp-content\/uploads\/2017\/09\/160327_Kinotrip_049_Domen-Pal-e1507814249745.jpg\" alt=\"\" width=\"1000\" height=\"562\" \/><\/p>\n<p>We thank all who contributed to the organisation of the festival and covered the film trips of the young and invite you to keep travelling with us across different film worlds created by the youth for the youth.<\/p>\n<p><strong>Let Film Take You Away! <\/strong><\/p>\n<p>&nbsp;<\/p>\n","protected":false},"excerpt":{"rendered":"<p>Between 24 and 27 March 2016, the first Kinotrip International Film Festival took place at Kinodvor. Following the slogan \u2018Let Film Take You Away!\u2019, a team of young film buffs created a comprehensive cinema experience for the young. From the selection of the festival\u2019s name and its programme to its organisation, it was all carried<\/p>\n","protected":false},"author":7,"featured_media":0,"parent":32820,"menu_order":0,"comment_status":"closed","ping_status":"closed","template":"views\/template-project.blade.php","meta":[],"acf":[],"_links":{"self":[{"href":"https:\/\/www.kinodvor.org\/en\/wp-json\/wp\/v2\/pages\/74137"}],"collection":[{"href":"https:\/\/www.kinodvor.org\/en\/wp-json\/wp\/v2\/pages"}],"about":[{"href":"https:\/\/www.kinodvor.org\/en\/wp-json\/wp\/v2\/types\/page"}],"author":[{"embeddable":true,"href":"https:\/\/www.kinodvor.org\/en\/wp-json\/wp\/v2\/users\/7"}],"replies":[{"embeddable":true,"href":"https:\/\/www.kinodvor.org\/en\/wp-json\/wp\/v2\/comments?post=74137"}],"version-history":[{"count":7,"href":"https:\/\/www.kinodvor.org\/en\/wp-json\/wp\/v2\/pages\/74137\/revisions"}],"predecessor-version":[{"id":262444,"href":"https:\/\/www.kinodvor.org\/en\/wp-json\/wp\/v2\/pages\/74137\/revisions\/262444"}],"up":[{"embeddable":true,"href":"https:\/\/www.kinodvor.org\/en\/wp-json\/wp\/v2\/pages\/32820"}],"wp:attachment":[{"href":"https:\/\/www.kinodvor.org\/en\/wp-json\/wp\/v2\/media?parent=74137"}],"curies":[{"name":"wp","href":"https:\/\/api.w.org\/{rel}","templated":true}]}}