{"id":63630,"date":"2018-05-03T17:40:41","date_gmt":"2018-05-03T15:40:41","guid":{"rendered":"http:\/\/www.kinodvor.org\/?page_id=63630"},"modified":"2022-03-31T15:46:15","modified_gmt":"2022-03-31T13:46:15","slug":"3rd-kinotrip-international-film-festival","status":"publish","type":"page","link":"https:\/\/www.kinodvor.org\/en\/kinotrip\/kinotrip-international-film-festival\/3rd-kinotrip-international-film-festival\/","title":{"rendered":"3rd Kinotrip International Film Festival"},"content":{"rendered":"<p><strong>The 3<sup>rd<\/sup> Kinotrip International Film Festival,<\/strong> the largest event of Kinodvor\u2019s film programme created by the youth for the youth, took place between <strong>28 and 31 March<\/strong>.<\/p>\n<p>In four days, the young watched <strong>eight feature-length film stories<\/strong> and one <strong>programme of short films<\/strong> and took part in various <strong>accompanying activities<\/strong>. This year, the programme was again selected by the young members of the Kinotrip Film Club, who had worked on the organisation of the festival since last autumn.<\/p>\n<p>At <strong>fourteen festival screenings<\/strong>, more than <strong>1,600<\/strong> <strong>visitors<\/strong>, most of them young, travelled across film worlds.<\/p>\n<p><img loading=\"lazy\" class=\"alignnone size-full wp-image-61179\" src=\"http:\/\/www.kinodvor.org\/wp-content\/uploads\/2018\/04\/180331_Kinotrip_zakljucek_foto_Matjaz_Rust_16x9_web_01.jpg\" alt=\"\" width=\"1000\" height=\"562\" \/><\/p>\n<p>They were joined by interesting guests. The director <strong>Antonio Piazza<\/strong> and the young actor <strong>Gaetano Fernandez<\/strong> came to Ljubljana to attend the premiere of <strong>Sicilian Ghost Story<\/strong> (2017). The Kinotripie short film programme hosted <strong>Nikica Zduni\u0107<\/strong>, the young director of <strong>13+<\/strong>, and the young actresses <strong>Nika Dolu\u0161i\u0107<\/strong>\u00a0and\u00a0<strong>Klara Kova\u010di\u0107<\/strong>. After <strong>The Breadwinner<\/strong> (2017), which was the opening film of the festival, the young talked with its director <strong>Nora Twomey<\/strong> via Skype.<\/p>\n<p><img loading=\"lazy\" class=\"alignnone size-full wp-image-61223\" src=\"http:\/\/www.kinodvor.org\/wp-content\/uploads\/2018\/04\/180329_Kinotrip_2-dan_foto-Diana-Antoncic-SMG\u0160-4.jpg\" alt=\"\" width=\"1920\" height=\"1080\" \/><\/p>\n<p>At the closing festival screening on Saturday, 31 March, the young conferred the <strong>Kinotrip Audience Award<\/strong>. This went to the mentioned animated film <strong>The Breadwinner<\/strong>, which convinced the audience with its wonderful animation and an unforgettable story about great courage and an incredible power of imagination.<\/p>\n<p>In addition to the film screenings and talks, the festival also offered a workshop on film criticism, an exhibition and thematic film-related socialising. The young presented their experimental films, music and film posters that they created at three pre-festival workshops. They also made festival trailers and carefully covered the festival happening.<\/p>\n<figure id=\"attachment_61242\" aria-describedby=\"caption-attachment-61242\" style=\"width: 1000px\" class=\"wp-caption alignnone\"><img loading=\"lazy\" class=\"size-full wp-image-61242\" src=\"https:\/\/www.kinodvor.org\/wp-content\/uploads\/2018\/04\/180331_Kinotrip_zakljucek_foto_Matjaz_Rust_16x9_web_20.jpg\" alt=\"\" width=\"1000\" height=\"562\" \/><figcaption id=\"caption-attachment-61242\" class=\"wp-caption-text\">3. filmski festival Kinotrip (foto: Matja\u017e Ru\u0161t)<\/figcaption><\/figure>\n<p>You can find many videos and photos from the 3<sup>rd<\/sup> Kinotrip International Film Festival on our website and our <a href=\"https:\/\/www.facebook.com\/KinotripKinodvor\">Facebook<\/a>\u00a0and\u00a0<a href=\"https:\/\/www.instagram.com\/kinotrip\/\">Instagram<\/a> pages.<\/p>\n<p>We thank all who helped create and spread the word about this year\u2019s edition of the festival and invite you to join Kinotrip in its journeys across different film worlds for the young <strong>any time of the year at Kinodvor<\/strong>.<\/p>\n<p><strong>Let film take you away! <\/strong><\/p>\n<hr \/>\n<p><strong>Partners and supporters of the 3<sup>rd<\/sup> Kinotrip International Film Festival<br \/>\n<\/strong>City of Ljubljana \u2013 founder of Kinodvor Public Institute<br \/>\nSlovenian Film Centre<br \/>\nItalian Cultural Institute, Embassy of Ireland, Embassy of Croatia<br \/>\nBiotechnical Educational Centre Ljubljana, Blitz Film &amp; Video Distribution, Chicks in Bowls and Roller Derby, Demiurg, KINO! Society for Expanding Film Culture, Kraken Society and FeKK, FIVIA \u2013 Vojnik, Hestia pro, iTAK \u0160port, Mladi zmaji Public Institution, Kino \u0160i\u0161ka and DobraVaga, Ljudmila, Olympic Committee of Slovenia, Ljubljana High School for Media and Graphic Technology and the Narokana vloggers.<\/p>\n","protected":false},"excerpt":{"rendered":"<p>The 3rd Kinotrip International Film Festival, the largest event of Kinodvor\u2019s film programme created by the youth for the youth, took place between 28 and 31 March. In four days, the young watched eight feature-length film stories and one programme of short films and took part in various accompanying activities. This year, the programme was<\/p>\n","protected":false},"author":7,"featured_media":0,"parent":32820,"menu_order":0,"comment_status":"closed","ping_status":"closed","template":"views\/template-project.blade.php","meta":[],"acf":[],"_links":{"self":[{"href":"https:\/\/www.kinodvor.org\/en\/wp-json\/wp\/v2\/pages\/63630"}],"collection":[{"href":"https:\/\/www.kinodvor.org\/en\/wp-json\/wp\/v2\/pages"}],"about":[{"href":"https:\/\/www.kinodvor.org\/en\/wp-json\/wp\/v2\/types\/page"}],"author":[{"embeddable":true,"href":"https:\/\/www.kinodvor.org\/en\/wp-json\/wp\/v2\/users\/7"}],"replies":[{"embeddable":true,"href":"https:\/\/www.kinodvor.org\/en\/wp-json\/wp\/v2\/comments?post=63630"}],"version-history":[{"count":6,"href":"https:\/\/www.kinodvor.org\/en\/wp-json\/wp\/v2\/pages\/63630\/revisions"}],"predecessor-version":[{"id":262210,"href":"https:\/\/www.kinodvor.org\/en\/wp-json\/wp\/v2\/pages\/63630\/revisions\/262210"}],"up":[{"embeddable":true,"href":"https:\/\/www.kinodvor.org\/en\/wp-json\/wp\/v2\/pages\/32820"}],"wp:attachment":[{"href":"https:\/\/www.kinodvor.org\/en\/wp-json\/wp\/v2\/media?parent=63630"}],"curies":[{"name":"wp","href":"https:\/\/api.w.org\/{rel}","templated":true}]}}