{"id":400758,"date":"2025-10-28T13:50:34","date_gmt":"2025-10-28T12:50:34","guid":{"rendered":"https:\/\/www.kinodvor.org\/?page_id=400758"},"modified":"2025-10-28T14:08:43","modified_gmt":"2025-10-28T13:08:43","slug":"10th-kinotrip-international-film-festival","status":"publish","type":"page","link":"https:\/\/www.kinodvor.org\/en\/kinotrip\/kinotrip-international-film-festival\/10th-kinotrip-international-film-festival\/","title":{"rendered":"10th Kinotrip International Film Festival"},"content":{"rendered":"<p>The <strong>10th edition of the international Kinotrip Film Festival<\/strong>, the largest event within Kinodvor\u2019s Kinotrip \u2013 Youth for the Youth film programme, took place from <strong>16 to 18 October 2025<\/strong>. The diverse film selection was carefully curated by eleven high-school students, members of the Kinotrip Film Club. The audience awarded the Kinotrip Audience Award to the film <a href=\"https:\/\/www.kinodvor.org\/en\/film\/od-koder-prihaja-veter\/\">Where the Wind Comes From<\/a> (Amel Guellaty, 2025).<\/p>\n<p>Across <strong>seven festival screenings<\/strong>, <strong>647 visitors<\/strong>\u2014mostly young film lovers\u2014embarked on cinematic journeys through various worlds. The festival welcomed several fascinating guests: <strong>Eya Bellagha<\/strong>, lead actress of <a href=\"https:\/\/www.kinodvor.org\/en\/film\/od-koder-prihaja-veter\/\">Where the Wind Comes From<\/a>, came from Tunisia. At the festival&#8217;s closing event, they were joined by the director of the <a href=\"https:\/\/www.kinodvor.org\/en\/film\/ples-lisic\/\">Wild Foxes<\/a>, <strong>Val\u00e9ry Carnoy<\/strong>, and actor <strong>Fay\u00e7al Anaflous<\/strong>. Young participants also met online with<strong> Lkhagvadulam Purev-Ochir<\/strong>, director of <a href=\"https:\/\/www.kinodvor.org\/en\/film\/mesto-vetra\/\">City of Wind<\/a>, and <strong>Carla Sim\u00f3n<\/strong>, director of <a href=\"https:\/\/www.kinodvor.org\/en\/film\/romanje\/\">Romeria<\/a>. The latter film is still showing in Kinodvor\u2019s regular programme.<\/p>\n<p><strong><img loading=\"lazy\" class=\"alignnone wp-image-400215 size-full\" src=\"https:\/\/www.kinodvor.org\/wp-content\/uploads\/2025\/10\/251018_Ples_lisic_049.jpg\" alt=\"\" width=\"1000\" height=\"563\" srcset=\"https:\/\/www.kinodvor.org\/wp-content\/uploads\/2025\/10\/251018_Ples_lisic_049.jpg 1000w, https:\/\/www.kinodvor.org\/wp-content\/uploads\/2025\/10\/251018_Ples_lisic_049-300x169.jpg 300w, https:\/\/www.kinodvor.org\/wp-content\/uploads\/2025\/10\/251018_Ples_lisic_049-768x432.jpg 768w\" sizes=\"(max-width: 1000px) 100vw, 1000px\" \/><\/strong><\/p>\n<p>All ten generations of Kinotrip joined forces to prepare the accompanying programme. Together, they created the <em>Kinotrip Magazine<\/em> \u2013 a fanzine featuring articles, exclusive interviews, a quiz to find out what type of moviegoer you are, a horoscope for Kinotrip&#8217;s future, and much more.And of course, there was music! Two musical performances opened the festival \u2013 one by <strong>Zarja \u017dagar, a.k.a. Aura Klavora<\/strong>, a member of the 7th Kinotrip generation, and another by the band Masa\u017e, featuring <strong>Sinja Smokvina<\/strong>, a member of the 5th Kinotrip generation, <strong>Timotej Pozni\u010d<\/strong>, and <strong>Aleksander Cavazza<\/strong>.<\/p>\n<p><img loading=\"lazy\" class=\"alignnone wp-image-400212 size-full\" src=\"https:\/\/www.kinodvor.org\/wp-content\/uploads\/2025\/10\/251018_Ples_lisic_034.jpg\" alt=\"\" width=\"1000\" height=\"563\" srcset=\"https:\/\/www.kinodvor.org\/wp-content\/uploads\/2025\/10\/251018_Ples_lisic_034.jpg 1000w, https:\/\/www.kinodvor.org\/wp-content\/uploads\/2025\/10\/251018_Ples_lisic_034-300x169.jpg 300w, https:\/\/www.kinodvor.org\/wp-content\/uploads\/2025\/10\/251018_Ples_lisic_034-768x432.jpg 768w\" sizes=\"(max-width: 1000px) 100vw, 1000px\" \/><\/p>\n<p>You can relive the highlights of the 10th International Kinotrip Film Festival, captured by students from the Ljubljana Multimedia and Graphic Technology Secondary School, on our website and on the <a href=\"https:\/\/www.instagram.com\/kinotrip\/\">Kinotrip Instagram profile<\/a>.<\/p>\n<p>We sincerely thank everyone who contributed to this year&#8217;s festival and helped spread the word about it. We invite you to continue travelling with us through the worlds of film for young audiences.<\/p>\n<p>Let film take you away!<\/p>\n<p>The 10th Kinotrip generation: <strong>Lejla Naomi Butala, Zarja Debeljak, Maru\u0161a Gedrih, Mila Gorki\u010d, Maru\u0161a Ko\u0161\u010dak, Enja Podboj, Aleks Srdi\u0107, Lena \u0160telcer, Estel Erika Tagliaferri, Mina Zalokar, Ema \u017dvanut<\/strong><\/p>\n<p><strong>Partners and supporters of the 10th International Kinotrip Film Festival:<br \/>\n<\/strong>City of Ljubljana \u2013 Founder of the Public Institution Kinodvor, Slovenian Film Centre, FIVIA \u2013 Vojnik, FeKK \u2013 International Short Film Festival, Flanders State of the Art, and Ljubljana Multimedia and Graphic Technology Secondary School<\/p>\n","protected":false},"excerpt":{"rendered":"<p>The 10th edition of the international Kinotrip Film Festival, the largest event within Kinodvor\u2019s Kinotrip \u2013 Youth for the Youth film programme, took place from 16 to 18 October 2025. The diverse film selection was carefully curated by eleven high-school students, members of the Kinotrip Film Club. The audience awarded the Kinotrip Audience Award to<\/p>\n","protected":false},"author":7,"featured_media":400580,"parent":32820,"menu_order":0,"comment_status":"closed","ping_status":"closed","template":"views\/template-project.blade.php","meta":[],"acf":[],"_links":{"self":[{"href":"https:\/\/www.kinodvor.org\/en\/wp-json\/wp\/v2\/pages\/400758"}],"collection":[{"href":"https:\/\/www.kinodvor.org\/en\/wp-json\/wp\/v2\/pages"}],"about":[{"href":"https:\/\/www.kinodvor.org\/en\/wp-json\/wp\/v2\/types\/page"}],"author":[{"embeddable":true,"href":"https:\/\/www.kinodvor.org\/en\/wp-json\/wp\/v2\/users\/7"}],"replies":[{"embeddable":true,"href":"https:\/\/www.kinodvor.org\/en\/wp-json\/wp\/v2\/comments?post=400758"}],"version-history":[{"count":6,"href":"https:\/\/www.kinodvor.org\/en\/wp-json\/wp\/v2\/pages\/400758\/revisions"}],"predecessor-version":[{"id":400774,"href":"https:\/\/www.kinodvor.org\/en\/wp-json\/wp\/v2\/pages\/400758\/revisions\/400774"}],"up":[{"embeddable":true,"href":"https:\/\/www.kinodvor.org\/en\/wp-json\/wp\/v2\/pages\/32820"}],"wp:featuredmedia":[{"embeddable":true,"href":"https:\/\/www.kinodvor.org\/en\/wp-json\/wp\/v2\/media\/400580"}],"wp:attachment":[{"href":"https:\/\/www.kinodvor.org\/en\/wp-json\/wp\/v2\/media?parent=400758"}],"curies":[{"name":"wp","href":"https:\/\/api.w.org\/{rel}","templated":true}]}}