{"id":32867,"date":"2017-11-17T11:34:10","date_gmt":"2017-11-17T10:34:10","guid":{"rendered":"http:\/\/www.kinodvor.org\/?page_id=32867"},"modified":"2023-10-26T15:35:28","modified_gmt":"2023-10-26T13:35:28","slug":"halloween-horror-marathon","status":"publish","type":"page","link":"https:\/\/www.kinodvor.org\/en\/halloween-horror-marathon\/","title":{"rendered":"Halloween Horror Marathon"},"content":{"rendered":"<p>The traditional horror marathon of films selected by Marcel \u0160tefan\u010di\u010d, jr. takes place during the night of 31 October and the early hours of 1 November.<\/p>\n","protected":false},"excerpt":{"rendered":"<p>All night from 31 October until 1 November.<\/p>\n","protected":false},"author":2,"featured_media":163287,"parent":0,"menu_order":0,"comment_status":"closed","ping_status":"closed","template":"views\/template-project.blade.php","meta":[],"acf":[],"_links":{"self":[{"href":"https:\/\/www.kinodvor.org\/en\/wp-json\/wp\/v2\/pages\/32867"}],"collection":[{"href":"https:\/\/www.kinodvor.org\/en\/wp-json\/wp\/v2\/pages"}],"about":[{"href":"https:\/\/www.kinodvor.org\/en\/wp-json\/wp\/v2\/types\/page"}],"author":[{"embeddable":true,"href":"https:\/\/www.kinodvor.org\/en\/wp-json\/wp\/v2\/users\/2"}],"replies":[{"embeddable":true,"href":"https:\/\/www.kinodvor.org\/en\/wp-json\/wp\/v2\/comments?post=32867"}],"version-history":[{"count":7,"href":"https:\/\/www.kinodvor.org\/en\/wp-json\/wp\/v2\/pages\/32867\/revisions"}],"predecessor-version":[{"id":323434,"href":"https:\/\/www.kinodvor.org\/en\/wp-json\/wp\/v2\/pages\/32867\/revisions\/323434"}],"wp:featuredmedia":[{"embeddable":true,"href":"https:\/\/www.kinodvor.org\/en\/wp-json\/wp\/v2\/media\/163287"}],"wp:attachment":[{"href":"https:\/\/www.kinodvor.org\/en\/wp-json\/wp\/v2\/media?parent=32867"}],"curies":[{"name":"wp","href":"https:\/\/api.w.org\/{rel}","templated":true}]}}