{"id":32823,"date":"2017-11-16T16:15:37","date_gmt":"2017-11-16T15:15:37","guid":{"rendered":"http:\/\/www.kinodvor.org\/?page_id=32823"},"modified":"2022-10-06T15:48:48","modified_gmt":"2022-10-06T13:48:48","slug":"kinotrip-film-club","status":"publish","type":"page","link":"https:\/\/www.kinodvor.org\/en\/kinotrip\/kinotrip-film-club\/","title":{"rendered":"Kinotrip Film Club"},"content":{"rendered":"<p>Each year the Kinotrip Film Club brings together a group of young film lovers to curate the Kinotrip International Film Festival. The group watches and selects films, organises events, workshops and a party for the festival.<\/p>\n<h4><strong><sup><span style=\"font-size: 24px;\">7<\/span>th<\/sup> Kinotrip Film Club 2022<\/strong><\/h4>\n<p><img loading=\"lazy\" class=\"alignnone wp-image-280296 size-full\" src=\"https:\/\/www.kinodvor.org\/wp-content\/uploads\/2022\/10\/kinotrip-ekipa_urska-boljkovac-316-9.jpg\" alt=\"\" width=\"1000\" height=\"562\" srcset=\"https:\/\/www.kinodvor.org\/wp-content\/uploads\/2022\/10\/kinotrip-ekipa_urska-boljkovac-316-9.jpg 1000w, https:\/\/www.kinodvor.org\/wp-content\/uploads\/2022\/10\/kinotrip-ekipa_urska-boljkovac-316-9-300x169.jpg 300w, https:\/\/www.kinodvor.org\/wp-content\/uploads\/2022\/10\/kinotrip-ekipa_urska-boljkovac-316-9-768x432.jpg 768w\" sizes=\"(max-width: 1000px) 100vw, 1000px\" \/><\/p>\n<p><span style=\"font-weight: 400;\">Stela Artes \u0160tern, Julija Bauer, Zala Humar, Zoja Klemen\u010di\u010d, Tatjana Kobe, Julija Pavlin Vodu\u0161ek, Ajda Sim\u010di\u010d, Ajda Varl, Zarja \u017dagar<\/span><\/p>\n<h4><strong>6<sup>th<\/sup> Kinotrip Film Club 2021<\/strong><\/h4>\n<p><img loading=\"lazy\" class=\"alignnone size-full wp-image-224718\" src=\"https:\/\/www.kinodvor.org\/wp-content\/uploads\/2021\/09\/Ekipa-Kinotrip-2021_foto-Ur\u0161a-Boljkovac.jpg\" alt=\"\" width=\"3936\" height=\"2624\" \/><\/p>\n<p>Zoja Eva Bartolj, Klemen Filip Cof, Eneja Golob D\u017eananovi\u0107, Brina Gramc, Lejla Huski\u0107, Maru\u0161a Kres, Vuka\u0161in Stepan\u010di\u0107.<\/p>\n<h4><strong>5<sup>th<\/sup> Kinotrip Film Club 2020<\/strong><\/h4>\n<p><img loading=\"lazy\" class=\"alignnone size-full wp-image-203599\" src=\"https:\/\/www.kinodvor.org\/wp-content\/uploads\/2017\/11\/Ekipa-5-festivala-Kinotrip_2020_foto-Domen-Pal.jpg\" alt=\"\" width=\"1000\" height=\"563\" \/><\/p>\n<p>Amadeja Lavri\u010d, Marcela Gro\u0161elj, Amelija Kracina, Sinja Smokvina, Lana Kari\u017e Me\u0161ko, Aj\u0161a Podgornik, Jan Martin\u010di\u010d.<\/p>\n<h4><strong><sup><span style=\"font-size: 28px;\">4<\/span>th<\/sup> Kinotrip Film Club 2019<\/strong><\/h4>\n<p><img loading=\"lazy\" class=\"alignnone size-full wp-image-111377\" src=\"https:\/\/www.kinodvor.org\/wp-content\/uploads\/2017\/10\/4-Kinotrip-ekipa-1.jpg\" alt=\"\" width=\"2500\" height=\"1664\" \/><\/p>\n<p>Nika Dermota, Uma Hajsinger, Ana Marija Hauko, Nik Jev\u0161nik, Iva Katu\u0161in, Tilen Kemperle, Pika Kova\u010d, Kaja Migli\u010d Pirkmaier, Nika Oblak, Eva Pal\u010di\u010d, Erin Pirc, Lana Radon, Tibor Rem\u0161kar, <strong>Klara Rus, Nina \u0160kerlep, Sr\u0111an Veljan\u010di\u0107.<\/strong><\/p>\n<h4><strong>3<sup>rd<\/sup> Kinotrip Film Club 2018<\/strong><\/h4>\n<p><img loading=\"lazy\" class=\"alignnone size-full wp-image-58957\" src=\"http:\/\/www.kinodvor.org\/wp-content\/uploads\/2017\/10\/1-Ekipa-2018_web.jpg\" alt=\"\" width=\"1000\" height=\"666\" \/><\/p>\n<p>Meta Anderle, Ale\u0161 Bel\u0161ak, Santana Boji\u0107, Patricija Dolen\u0161ek, Tim Gonza, Tina Jan\u010di\u010d, Sara Jane\u017ei\u010d, Kal Klemen, Graal Lucignano, Ana Mavec, Hana Milavec, Ma\u0161a Ornik, Ema Pa\u0161, Ajda Rudolf, Ne\u017ea Vadnjal, Matej Zabret.<\/p>\n<h4><strong>2<sup>nd<\/sup> Kinotrip Film Club 2017<\/strong><\/h4>\n<p><img loading=\"lazy\" class=\"alignnone size-full wp-image-26471\" src=\"http:\/\/www.kinodvor.org\/wp-content\/uploads\/2017\/09\/Kinotripova-ekipa-2017_2_fotoDOMEN-PAL-e1507813068977.jpg\" alt=\"\" width=\"1000\" height=\"813\" \/><\/p>\n<p>Nadja Debeljak, Martin Draksler, Esma Hajdarpa\u0161i\u010d, Nina Ho\u010devar, Zala Horvat, Bla\u017eka Kotar,\u00a0Timeja Liplin \u0160erbetar, Dagmar Nared, Rostja Mo\u010dnik, Mila Per\u0161in, Paloma Pertot, Erazem Pivk, Jaka Prosenik, Jakob Rakovec, Ur\u0161ka \u0160paremblek, Benjamin Virk.<\/p>\n<h4><strong>1<sup>st<\/sup> Kinotrip Film Club 2016<\/strong><\/h4>\n<p><img loading=\"lazy\" class=\"alignnone size-full wp-image-26459\" src=\"http:\/\/www.kinodvor.org\/wp-content\/uploads\/2017\/09\/160126_Wolfpack_Premiera_071-e1507813181412.jpg\" alt=\"\" width=\"1000\" height=\"864\" \/><\/p>\n<p>Medina Baskar Weber, Nadja Debeljak, Timon Hozo, Jona Koltaj, Klara Kracina, Lene Lek\u0161e, Isabella Menart, Petja Muck, Gala Alica Ostan O\u017ebolt, Ambro\u017e Pivk, Karla Pelko, Anja Pozni\u010d, Tara Prevc, Max Raku\u0161\u010dek, Lovro Smrekar, Liza So\u010dan, Ga\u0161per Stra\u017ei\u0161ar, Filip \u0160omodjavarac, Ula Talija Pollak, Izabela Tomin\u0161ek, Jan Verdellis, Aiko Zakraj\u0161ek<b>.<\/b><\/p>\n","protected":false},"excerpt":{"rendered":"<p>Each year the Kinotrip Film Club brings together a group of young film lovers to curate the Kinotrip International Film Festival. The group watches and selects films, organises events, workshops and a party for the festival. 7th Kinotrip Film Club 2022 Stela Artes \u0160tern, Julija Bauer, Zala Humar, Zoja Klemen\u010di\u010d, Tatjana Kobe, Julija Pavlin Vodu\u0161ek,<\/p>\n","protected":false},"author":7,"featured_media":0,"parent":32763,"menu_order":0,"comment_status":"closed","ping_status":"closed","template":"views\/template-project.blade.php","meta":[],"acf":[],"_links":{"self":[{"href":"https:\/\/www.kinodvor.org\/en\/wp-json\/wp\/v2\/pages\/32823"}],"collection":[{"href":"https:\/\/www.kinodvor.org\/en\/wp-json\/wp\/v2\/pages"}],"about":[{"href":"https:\/\/www.kinodvor.org\/en\/wp-json\/wp\/v2\/types\/page"}],"author":[{"embeddable":true,"href":"https:\/\/www.kinodvor.org\/en\/wp-json\/wp\/v2\/users\/7"}],"replies":[{"embeddable":true,"href":"https:\/\/www.kinodvor.org\/en\/wp-json\/wp\/v2\/comments?post=32823"}],"version-history":[{"count":9,"href":"https:\/\/www.kinodvor.org\/en\/wp-json\/wp\/v2\/pages\/32823\/revisions"}],"predecessor-version":[{"id":280299,"href":"https:\/\/www.kinodvor.org\/en\/wp-json\/wp\/v2\/pages\/32823\/revisions\/280299"}],"up":[{"embeddable":true,"href":"https:\/\/www.kinodvor.org\/en\/wp-json\/wp\/v2\/pages\/32763"}],"wp:attachment":[{"href":"https:\/\/www.kinodvor.org\/en\/wp-json\/wp\/v2\/media?parent=32823"}],"curies":[{"name":"wp","href":"https:\/\/api.w.org\/{rel}","templated":true}]}}