{"id":323339,"date":"2023-10-25T14:43:07","date_gmt":"2023-10-25T12:43:07","guid":{"rendered":"https:\/\/www.kinodvor.org\/?page_id=323339"},"modified":"2023-10-25T16:13:49","modified_gmt":"2023-10-25T14:13:49","slug":"8th-kinotrip-international-film-festival","status":"publish","type":"page","link":"https:\/\/www.kinodvor.org\/en\/kinotrip\/kinotrip-international-film-festival\/8th-kinotrip-international-film-festival\/","title":{"rendered":"8th Kinotrip International Film Festival"},"content":{"rendered":"<p>The eighth edition of the Kinotrip International Film Festival, the biggest event of the Kinodvor&#8217;s Kinotrip &#8211; Youth for Youth programme, took place from <strong>19 to 21 October 2023<\/strong>. The varied film programme was carefully selected by thirteen high school students, members of the Kinotrip Film Club. In three eventful days, young audience watched six features and a programme of shorts, while the audience award went to <a href=\"https:\/\/www.kinodvor.org\/en\/film\/izgubljeni-fantje\/\">The Lost Boys<\/a> (Zeno Graton, 2023), a powerful love story with a political edge, which shakes the notion of freedom<\/p>\n<p><img loading=\"lazy\" class=\"alignnone wp-image-323080 size-full\" src=\"https:\/\/www.kinodvor.org\/wp-content\/uploads\/2023\/09\/2021-10-14-Kinotrip-1000x563-Nik-Ciringer-6.jpg\" alt=\"\" width=\"1000\" height=\"562\" srcset=\"https:\/\/www.kinodvor.org\/wp-content\/uploads\/2023\/09\/2021-10-14-Kinotrip-1000x563-Nik-Ciringer-6.jpg 1000w, https:\/\/www.kinodvor.org\/wp-content\/uploads\/2023\/09\/2021-10-14-Kinotrip-1000x563-Nik-Ciringer-6-300x169.jpg 300w, https:\/\/www.kinodvor.org\/wp-content\/uploads\/2023\/09\/2021-10-14-Kinotrip-1000x563-Nik-Ciringer-6-768x432.jpg 768w\" sizes=\"(max-width: 1000px) 100vw, 1000px\" \/><\/p>\n<p><strong>966 visitors<\/strong>, mostly young people, attended the festival. They were joined by interesting guests. <strong>Diane Ng<\/strong>, co-director, co-producer and one of the directors of photography of <a href=\"https:\/\/www.kinodvor.org\/en\/film\/kolibriji\/\">Hummingbirds<\/a> (Silvia Del Carmen Casta\u00f1os, Estefan\u00eda Contreras, Miguel Drake-McLaughlin), came to Ljubljana from the United States. Young people had an online conversation with <strong>Zhi Wei Jow<\/strong>, the Singaporean director of <a href=\"https:\/\/www.kinodvor.org\/en\/film\/jutri-je-se-dalec\/\">Tomorrow is a Long Time<\/a>. After the film <a href=\"https:\/\/www.kinodvor.org\/en\/film\/izgubljeni-fantje\/\">The Lost Boys<\/a> they reflected on the cinematic representations of love of all colours with <strong>Metod Zupan<\/strong>, journalist and critic at Radio Student. After the sold-out screening of the short film programme <a href=\"https:\/\/www.kinodvor.org\/en\/film\/kinotripcic-program-kratkih-filmov-2023\/\">Kinotripie<\/a>, they talked to young filmmakers <strong>Anne Tassel<\/strong> (<strong>Borbike<\/strong>, Nika Jurman) and <strong>Ema Pa\u0161<\/strong> (<strong>Razgled<\/strong>, Ema Pa\u0161).<\/p>\n<p>The final event of the festival also featured a presentation by the participants of the Kinotrip Pre-Festival Workshop. Eight young people, under the mentorship of <strong>Matev\u017e Jerman<\/strong>, <strong>Olga Michalik<\/strong> and <strong>Matic Zavodnik<\/strong>, made a music video for the song <strong>Manzarek<\/strong> by the well-known rapper Vazza.<\/p>\n<p><img loading=\"lazy\" class=\"alignnone wp-image-323267 size-full\" src=\"https:\/\/www.kinodvor.org\/wp-content\/uploads\/2023\/09\/2023-10-20-Kinotrip-1000x563-Nik-Ciringer-7.jpg\" alt=\"\" width=\"1000\" height=\"563\" srcset=\"https:\/\/www.kinodvor.org\/wp-content\/uploads\/2023\/09\/2023-10-20-Kinotrip-1000x563-Nik-Ciringer-7.jpg 1000w, https:\/\/www.kinodvor.org\/wp-content\/uploads\/2023\/09\/2023-10-20-Kinotrip-1000x563-Nik-Ciringer-7-300x169.jpg 300w, https:\/\/www.kinodvor.org\/wp-content\/uploads\/2023\/09\/2023-10-20-Kinotrip-1000x563-Nik-Ciringer-7-768x432.jpg 768w\" sizes=\"(max-width: 1000px) 100vw, 1000px\" \/><\/p>\n<p class=\"Navaden tm6\"><span class=\"tm8\">You can find many videos and photos from the 8<\/span><sup><span class=\"tm8\">th<\/span><\/sup><span class=\"tm8\">\u00a0Kinotrip International Film Festival captured by students of the\u00a0<\/span><strong><span class=\"tm7\">Ljubljana High School for Media and Graphic Technology<\/span><\/strong><span class=\"tm8\"> on our website \u2013\u00a0<a href=\"https:\/\/www.kinodvor.org\/en\/8th-kinotrip-film-festival-photovideo\/\">here<\/a>\u00a0and Kinotrip\u2019s Facebook and Instagram pages.<\/span><\/p>\n<p class=\"Navaden tm6\"><span class=\"tm8\">We thank all who helped create and spread the word about this year\u2019s edition of the festival and invite you to join us on our journeys across different film worlds for the young also in the future.\u00a0<\/span><span class=\"tm8\">\u00a0<\/span><\/p>\n<p class=\"Navaden tm6\"><span class=\"tm8\">Let film take you away!<\/span><strong><span class=\"tm7\">\u00a0<\/span><\/strong><\/p>\n<p><strong>Kinotrip\u2019s eighth generation<\/strong> consists of Tim \u010cerin, Hana Debeljak, Rok Dru\u017einec, Tja\u0161a Hafner, Izak Kabir Khan, Mija Kolari\u010d, Sofia Korolova, Anej Ko\u0161orok, Eva Kralj Ser\u0161a, Lara Matos, Sofiia Rypalenko, Ema \u0160ilar, Ana\u00efs Vrtunski.<\/p>\n<p><strong>Partners and supporters of the 8<sup>th<\/sup> Kinotrip International Film Festival:<br \/>\n<\/strong>City of Ljubljana \u2013 the founder of Kinodvor Public Institution, Slovenian Film Centre, French Film Institute in Ljubljana, Embassy of Spain in Ljubljana, U.S. Embassy in Ljubljana, Cineteca di Bologna\/L\u2019Immagine Ritrovata, The Film Foundation, FIVIA \u2013 Vojnik, FeKK \u2013 Ljubljana Short Film Festival, Festival of Migrant Film, Kraken, SCCA-Ljubljana, Ljubljana High School for Media and Graphic Technology<\/p>\n<p>&nbsp;<\/p>\n","protected":false},"excerpt":{"rendered":"<p>The eighth edition of the Kinotrip International Film Festival, the biggest event of the Kinodvor&#8217;s Kinotrip &#8211; Youth for Youth programme, took place from 19 to 21 October 2023. The varied film programme was carefully selected by thirteen high school students, members of the Kinotrip Film Club. In three eventful days, young audience watched six<\/p>\n","protected":false},"author":7,"featured_media":323340,"parent":32820,"menu_order":0,"comment_status":"closed","ping_status":"closed","template":"views\/template-project.blade.php","meta":[],"acf":[],"_links":{"self":[{"href":"https:\/\/www.kinodvor.org\/en\/wp-json\/wp\/v2\/pages\/323339"}],"collection":[{"href":"https:\/\/www.kinodvor.org\/en\/wp-json\/wp\/v2\/pages"}],"about":[{"href":"https:\/\/www.kinodvor.org\/en\/wp-json\/wp\/v2\/types\/page"}],"author":[{"embeddable":true,"href":"https:\/\/www.kinodvor.org\/en\/wp-json\/wp\/v2\/users\/7"}],"replies":[{"embeddable":true,"href":"https:\/\/www.kinodvor.org\/en\/wp-json\/wp\/v2\/comments?post=323339"}],"version-history":[{"count":10,"href":"https:\/\/www.kinodvor.org\/en\/wp-json\/wp\/v2\/pages\/323339\/revisions"}],"predecessor-version":[{"id":323367,"href":"https:\/\/www.kinodvor.org\/en\/wp-json\/wp\/v2\/pages\/323339\/revisions\/323367"}],"up":[{"embeddable":true,"href":"https:\/\/www.kinodvor.org\/en\/wp-json\/wp\/v2\/pages\/32820"}],"wp:featuredmedia":[{"embeddable":true,"href":"https:\/\/www.kinodvor.org\/en\/wp-json\/wp\/v2\/media\/323340"}],"wp:attachment":[{"href":"https:\/\/www.kinodvor.org\/en\/wp-json\/wp\/v2\/media?parent=323339"}],"curies":[{"name":"wp","href":"https:\/\/api.w.org\/{rel}","templated":true}]}}