{"id":32202,"date":"2017-11-09T11:05:12","date_gmt":"2017-11-09T10:05:12","guid":{"rendered":"http:\/\/www.kinodvor.org\/?page_id=32202"},"modified":"2021-02-10T16:06:27","modified_gmt":"2021-02-10T15:06:27","slug":"about","status":"publish","type":"page","link":"https:\/\/www.kinodvor.org\/en\/about\/","title":{"rendered":"About"},"content":{"rendered":"<p>Kinodvor offers <strong>a diverse programme of screenings and events that celebrate film<\/strong>. We believe that the cinema experience is at the heart of film, and we are dedicated to upholding its heritage and development.<\/p>\n<p>Kinodvor champions <strong>cinema for all<\/strong>. We enable <strong>young audiences<\/strong> to experience film through the award-winning Kinobalon, Kinobalon for Schools and Kinotrip programmes. We publish an annual catalogue for schools, and provide comprehensive educational materials for young audiences. For our <strong>older cinema-goers<\/strong>, we are proud to offer senior audiences a generous range of screenings, discussions and guest appearances through the Film Rendez-Vous programme. <strong>More than just a cinema<\/strong> <strong>theatre<\/strong>, Kinodvor is part of a national and global dialogue around cinema culture.<\/p>\n<p>Kinodvor and The City of Ljubljana are collaborating on an exciting new venue envisioned for the Ajdov\u0161\u010dina underpass in Ljubljana\u2019s city centre. The <strong>miniplex<\/strong> will hold one big and three smaller screening halls, and constitute a cultural hub to work in tandem with 13 Kolodvorska to provide a home for the city\u2019s flourishing cinema culture, with an emphasis on attracting <strong>new, young audiences<\/strong>.<\/p>\n<h5><strong>History<\/strong><\/h5>\n<p>In the 1920s, cinema theatres were being constructed in cities across Europe as pillars of modernity and prestige. Ljubljana was no exception, and the Ljubljanski Dvor City Cinema was built in 1923 as the city&#8217;s luxury cinema in late Art Nouveau style at 13 Kolodvorska. In 1923, the Austrian film entitled <strong>Young Medardus<\/strong> (Der Junge Medardus) was screened at <strong>Ljubljanski Dvor<\/strong>. The historical spectacle, based on Arthur Schnitzler\u2019s play of the same name, was an early work of Hungarian director Michael Kertesz who, twenty years later, would go on to direct award-winning Hollywood classic \u2018Casablanca&#8217; under the name Michael Curtiz. The core programme projected silent films by the finest European and American directors of the era, including Fritz Lang, Cecil B. DeMille, Charlie Chaplin, Abel Gance and Jean Renoir. Among the many films screened was <strong>Erotikon<\/strong>, starring Slovenia\u2019s first film star, Ita Rina, in a seductive breakout performance.<\/p>\n<p>In 1935, the Sloga railwaymen\u2019s cultural society assumed management of the re-named <strong>Kino Sloga<\/strong> until the state claimed ownership of all Slovenian cinemas in 1946. The Sloga Cinema gaining notoriety in the 1980s through the screening of erotic films until its rebirth as <strong>Kino Dvor<\/strong> (the Dvor Cinema) in the 1990s. During the early 2000s the first large-scale multiplexes emerged in Slovenia\u2019s suburbs, posing a considerable challenge to smaller city cinemas. To preserve the heritage of the site, the Municipality of Ljubljana (MOL), the Ministry of Culture, and the Slovenian Cinematheque agreed to renovate and re-establish the Dvor Cinema as a home for <strong>contemporary art films<\/strong>, assuming its current name, <strong>Kinodvor<\/strong>.<\/p>\n<p>In 2008 the MOL established the <strong>Kinodvor Public Institution<\/strong>, and, after a brief closure, the Kinodvor Cinema was re-opened in October 2008. Represented by the slogan &#8220;<strong>Kinodvor. City Cinema<\/strong>&#8220;, Kinodvor offered Ljubljana a new type \u201cevent cinema\u201d, enriching the audience\u2019s experience with special screenings and events.<\/p>\n<h5><strong>Year of Cinema<\/strong><\/h5>\n<p>In 2013, Kinodvor celebrated its 90th anniversary. <a href=\"https:\/\/www.kinodvor.org\/en\/about\/the-year-of-cinema\/\">The Year of Cinema<\/a> was set out to highlight the <strong>history of cinema in Ljubljana<\/strong>, offering a captivating <strong>perspective on the development of Slovenian film culture<\/strong>. This ambitious project was organised in partnership with the Slovenian Cinemateque, whose generous archive provided the basis for extensive research and collection of preserved historical material. The results have offered precious insight into our understanding of <strong>Ljubljana&#8217;s art-house cinema culture<\/strong>, and have illuminated the ways in which our plans for a new city (art-house) miniplex are placed meaningfully within this tradition.<\/p>\n<h5><strong>Kinodvor 10<br \/>\n<\/strong><\/h5>\n<p><a href=\"https:\/\/www.kinodvor.org\/en\/about\/kinodvor-10\/\">In its first decade<\/a>, Kinodvor has made important steps forward in all directions. We have supported and actively participated as much in the <strong>revitalisation and digitisation of the national network of city and art cinemas<\/strong> as in the <strong>shaping of national strategies in the area of film education<\/strong>. We have doubled our number of films being screened, the number of visitors, and the number of people employed by the city cinema. Now, together with the Municipality of Ljubljana, we are <strong>developing plans for a new city miniplex in the Ajdovscina underpass<\/strong> with extra screens, giving the opportunity for<strong> a new and diverse program to inspire new audiences<\/strong>.<\/p>\n<h5><strong>Europa Cinemas Award for Best Programming 2019<\/strong><\/h5>\n<p>At the 21st Europa Cinemas network conference, which ran from 21 to 24 November 2019 in Lisbon, Kinodvor won the prestigious <a href=\"https:\/\/www.kinodvor.org\/en\/kinodvor-wins-2019-europa-cinemas-programming-award\/\">Europa Cinemas Award for Best Programming 2019<\/a>. We are very pleased to have been recognised internationally for our quality and innovation, features that make Kinodvor one of the best cinemas in Europe, especially as we look forward to the construction of a new Ljubljana city miniplex.<\/p>\n<h5><strong>International Projects\u00a0<\/strong><\/h5>\n<p>From its inception, Kinodvor has played an active role in the international film community. In 2009, we organised our first international conference, <em>&#8216;Networks and the Digitisation of Art Cinemas&#8217;<\/em>, to promote the digitisation and revitalisation of cinemas in the Slovenian arthouse network.<\/p>\n<p>In its &#8216;<a href=\"https:\/\/www.kinodvor.org\/en\/about\/the-year-of-cinema\/\">Year of Cinema<\/a>&#8216;, in the season 2013\/14, Kinodvor hosted the &#8216;<strong>City of Film<\/strong>&#8216; international conference to examine and discuss the future of cinemas and their important role as community and cultural spaces.<\/p>\n<p>In 2014 and 2018 we offered <strong>international conferences on film education<\/strong>, aimed at cultural and educational institutions alike (<a href=\"https:\/\/www.kinodvor.org\/en\/2nd-international-conference-on-film-education\/\">summary of the 2nd conference<\/a>). In the summer of 2018, <strong>Kinodvor collaborated in Cinemini Europe<\/strong>: led by Holland&#8217;s EYE Film Institute, the project formed another fantastic opportunity to meet with our European partners to deepen our understanding and knowledge in the field of film education for the very youngest of audiences. Kinodvor\u2019s programme for young audiences summarized their work in 2018 in the press release <a href=\"https:\/\/www.kinodvor.org\/en\/the-latest-updates-in-film-education\/\">The Latest Updates in Film Education<\/a>.<\/p>\n<p>In 2021 we prepared the online regional seminar of film education in South Eastern Europe, <a href=\"https:\/\/www.kinodvor.org\/en\/next-steps-in-film-education\/\">Next Steps in Film Education<\/a>. The seminar focused on the search for the conditions and models that ensure the <strong>quality, sustainability and wide availability of film education<\/strong>. The seminar was part of <em>Film Education: from Framework to Impact<\/em>, an EU project co-ordinated by British Film Institute, Danish Film Institute, Vision Kino and Cin\u00e9math\u00e8que Fran\u00e7aise.<\/p>\n","protected":false},"excerpt":{"rendered":"<p>Kinodvor offers a diverse programme of screenings and events that celebrate film. We believe that the cinema experience is at the heart of film, and we are dedicated to upholding its heritage and development. Kinodvor champions cinema for all. We enable young audiences to experience film through the award-winning Kinobalon, Kinobalon for Schools and Kinotrip<\/p>\n","protected":false},"author":10,"featured_media":30764,"parent":0,"menu_order":0,"comment_status":"closed","ping_status":"closed","template":"views\/template-project.blade.php","meta":[],"acf":[],"_links":{"self":[{"href":"https:\/\/www.kinodvor.org\/en\/wp-json\/wp\/v2\/pages\/32202"}],"collection":[{"href":"https:\/\/www.kinodvor.org\/en\/wp-json\/wp\/v2\/pages"}],"about":[{"href":"https:\/\/www.kinodvor.org\/en\/wp-json\/wp\/v2\/types\/page"}],"author":[{"embeddable":true,"href":"https:\/\/www.kinodvor.org\/en\/wp-json\/wp\/v2\/users\/10"}],"replies":[{"embeddable":true,"href":"https:\/\/www.kinodvor.org\/en\/wp-json\/wp\/v2\/comments?post=32202"}],"version-history":[{"count":5,"href":"https:\/\/www.kinodvor.org\/en\/wp-json\/wp\/v2\/pages\/32202\/revisions"}],"predecessor-version":[{"id":357167,"href":"https:\/\/www.kinodvor.org\/en\/wp-json\/wp\/v2\/pages\/32202\/revisions\/357167"}],"wp:featuredmedia":[{"embeddable":true,"href":"https:\/\/www.kinodvor.org\/en\/wp-json\/wp\/v2\/media\/30764"}],"wp:attachment":[{"href":"https:\/\/www.kinodvor.org\/en\/wp-json\/wp\/v2\/media?parent=32202"}],"curies":[{"name":"wp","href":"https:\/\/api.w.org\/{rel}","templated":true}]}}